{"id":435,"date":"2023-12-11T14:12:41","date_gmt":"2023-12-11T14:12:41","guid":{"rendered":"https:\/\/www.generalservei.com\/aviso-legal\/"},"modified":"2023-12-12T14:45:53","modified_gmt":"2023-12-12T14:45:53","slug":"avis-legal","status":"publish","type":"page","link":"https:\/\/www.generalservei.com\/ca\/avis-legal\/","title":{"rendered":"Av\u00eds legal"},"content":{"rendered":"\n<h3 class=\"wp-block-heading\">Informaci\u00f3 general<\/h3>\n\n\n\n<p>L\u2019acc\u00e9s al web www.generalservei.com i a la informaci\u00f3 que cont\u00e9 comporta l\u2019acceptaci\u00f3 de les condicions previstes en el present av\u00eds legal. Per aix\u00f2 li recomanem que llegeixi atentament el contingut si vol accedir i fer \u00fas de la informaci\u00f3 i dels serveis que, si s\u2019escau es puguin oferir.<\/p>\n\n\n\n<h3 class=\"wp-block-heading\">Informaci\u00f3 del Titular legal de la web<\/h3>\n\n\n\n<p>General Servei, S.A.<br>Pasaje La T\u00e9cnica, 2,Pol\u00edgono Industrial Nord-Est<br>08740 \u2013 Sant Andreu de la Barca, Barcelona<br>+34 93 653 05 08<br><a href=\"mailto:hola@generalservei.com\">hola@generalservei.com<\/a><\/p>\n\n\n\n<h2 class=\"wp-block-heading\">Condicions d\u2019\u00fas<\/h2>\n\n\n\n<p>Mitjan\u00e7ant la web www.generalservei.com es facilita l\u2019acc\u00e9s al web propietat de GENERAL SERVEI, SA per oferir als usuaris l\u2019acc\u00e9s general a la informaci\u00f3, productes i serveis que l\u2019esmentada entitat ofereix. El fet de connectar-se a aquesta p\u00e0gina web atribueix al navegant la condici\u00f3 d\u2019Usuari del lloc, la qual cosa implica l\u2019acceptaci\u00f3 del present Av\u00eds Legal.<\/p>\n\n\n\n<p>L\u2019Usuari es compromet a no utilitzar qualsevol dels continguts que GENERAL SERVEI, SA posi a la seva disposici\u00f3 per desenvolupar activitats contr\u00e0ries a les lleis, a la moral oa l\u2019ordre p\u00fablic i, en general, a fer un \u00fas conforme a les presents condicions; i respondr\u00e0, enfront de GENERAL SERVEI, SA i \/ o enfront de tercers, de qualsevol danys i perjudicis que poguessin causar com a conseq\u00fc\u00e8ncia de l\u2019incompliment d\u2019aquesta obligaci\u00f3. Qui utilitza aquest lloc web, ho fa pel seu propi responsabilitat.<\/p>\n\n\n\n<p>GENERAL SERVEI, SA es reserva el dret a interrompre l\u2019acc\u00e9s al seu lloc web, a serveis i continguts, de manera temporal o definitiva, quan aix\u00ed ho estimi convenient i sense previ av\u00eds, ja sigui per motius t\u00e8cnics, de seguretat, de control, de manteniment, per fallades de subministrament el\u00e8ctric o per qualsevol altra causa.<\/p>\n\n\n\n<p id=\"privacy\">GENERAL SERVEI, SA es reserva el dret a alterar, en qualsevol moment i sense previ av\u00eds, la configuraci\u00f3, presentaci\u00f3 o el disseny, de la seva web, aix\u00ed com alguns o tots els continguts, i modificar les condicions d\u2019\u00fas exposades en aquest Av\u00eds Legal.<\/p>\n\n\n\n<h2 class=\"wp-block-heading\">Pol\u00edtica de Privacitat i Protecci\u00f3 de Dades<\/h2>\n\n\n\n<p>Totes les dades de car\u00e0cter personal que siguin facilitades per l\u2019Usuari mitjan\u00e7ant el formulari de contacte seran tractades amb estricta confidencialitat d\u2019acord amb la Llei Org\u00e0nica 15\/1999, de 13 de desembre, de protecci\u00f3 de dades de car\u00e0cter personal. De manera expressa, l\u2019Usuari queda informat que els mateixos no seran incorporades a cap tipus de fitxer d\u2019emmagatzematge, que l\u2019\u00fanic objectiu del formulari \u00e9s facilitar a l\u2019Usuari la comunicaci\u00f3 amb GENERAL SERVEI, SA i que un cop establerta aquesta comunicaci\u00f3 GENERAL SERVEI, SA no guardar\u00e0, ni cedir\u00e0 a tercers, ni utilitzar\u00e0 aquestes per publicitar els seus serveis.<\/p>\n\n\n\n<p>Mitjan\u00e7ant l\u2019enviament d\u2019un missatge de correu electr\u00f2nic per part de l\u2019Usuari, el remitent presta el seu consentiment a qu\u00e8 GENERAL SERVEI, SA pugui establir contacte com a resposta. GENERAL SERVEI, SA adoptar\u00e0 les mesures necess\u00e0ries per evitar l\u2019alteraci\u00f3, tractament, p\u00e8rdua o acc\u00e9s no autoritzat a aquestes dades de car\u00e0cter personal.<\/p>\n\n\n\n<h2 class=\"wp-block-heading\">Propietat Intel\u00b7lectual i Industrial<\/h2>\n\n\n\n<p>Els drets de la propietat intel\u00b7lectual de tots els continguts i disseny gr\u00e0fic d\u2019aquesta p\u00e0gina web s\u00f3n propietat de GENERAL SERVEI, SA La reproducci\u00f3, c\u00f2pia, \u00fas, distribuci\u00f3, comercialitzaci\u00f3, comunicaci\u00f3 p\u00fablica, excepte per al seu \u00fas personal i privat, sense autoritzaci\u00f3, constitueix una infracci\u00f3 dels drets de propietat intel\u00b7lectual de GENERAL SERVEI, SA, sancionable per la legislaci\u00f3 vigent. Igualment, tots els noms comercials, marques o signes distintius de qualsevol classe continguts en el Lloc web estan protegits per llei.<\/p>\n\n\n\n<p>Aix\u00ed mateix, l\u2019Usuari reconeix que la informaci\u00f3 a la qual pot accedir a trav\u00e9s de la p\u00e0gina web, pot estar protegida per drets de propietat industrial, intel\u00b7lectual o d\u2019una altra \u00edndole. GENERAL SERVEI, SA no ser\u00e0 responsable en cap cas i sota cap concepte de les infraccions d\u2019aquests drets que puguin ser comeses per l\u2019Usuari.<\/p>\n\n\n\n<h2 class=\"wp-block-heading\">Responsabilitat<\/h2>\n\n\n\n<p>GENERAL SERVEI, SA no es responsabilitza de la mala utilitzaci\u00f3 que per part dels Usuaris d\u2019Internet facin dels continguts de la p\u00e0gina web, sent l\u2019Usuari l\u2019\u00fanic responsable de les infraccions en qu\u00e8 pugui inc\u00f3rrer. De la mateixa manera, rebutja la responsabilitat sobre qualsevol informaci\u00f3 no continguda en aquestes p\u00e0gines web i, per tant, no elaborada per GENERAL SERVEI, SA no publicada amb el seu nom.<\/p>\n\n\n\n<p>GENERAL SERVEI, SA no ser\u00e0 responsable en cas que existeixin interrupcions del servei, demores, errors, mal funcionament del mateix i, en general altres inconvenients que tinguin el seu origen en causes que escapen del control de GENERAL SERVEI, SA, i \/ o deguda a una actuaci\u00f3 dolosa o culposa de l\u2019Usuari i \/ o tingui per origen causes de for\u00e7a major. Sense perjudici del que estableix l\u2019article 1105 del Codi Civil, s\u2019entendran per causes de for\u00e7a major, a m\u00e9s, i als efectes de les presents condicions generals, tots aquells esdeveniments succe\u00efts fora del control de GENERAL SERVEI, SA, com ara: fallada de tercers, operadors o companyies de serveis, actes de Govern, falta d\u2019acc\u00e9s a xarxes de tercers, actes o omissions de les autoritats p\u00fabliques, aquells altres produ\u00efts com a conseq\u00fc\u00e8ncia de fen\u00f2mens naturals, apagades, etc. i l\u2019atac de hackers o tercers especialitzats, a la seguretat o integritat del sistema inform\u00e0tic, sempre que GENERAL SERVEI, SA hagi adoptat totes les mesures de seguretat existents d\u2019acord amb l\u2019estat de la t\u00e8cnica. En qualsevol cas, sigui quina sigui la causa, GENERAL SERVEI, SA no assumir\u00e0 cap responsabilitat ja sigui per danys directes o indirectes, dany emergent i \/ o per lucre cessant. GENERAL SERVEI, SA tindr\u00e0 dret, sense que existeixi cap indemnitzaci\u00f3 a l\u2019Usuari per aquests conceptes, a suspendre temporalment els serveis i continguts del Lloc web per efectuar operacions de manteniment, millora o reparaci\u00f3 dels mateixos.<\/p>\n\n\n\n<p>GENERAL SERVEI, SA no ser\u00e0 responsable de possibles danys i perjudicis que es puguin derivar en els equips dels usuaris per possibles virus inform\u00e0tics contrets per l\u2019Usuari a causa de la seva navegaci\u00f3 en el Lloc web, o per qualsevol altres danys derivats d\u2019aquesta navegaci\u00f3. GENERAL SERVEI, SA no es fa responsable de la veracitat, falta d\u2019utilitat o adequaci\u00f3 per a un \u00fas espec\u00edfic del present Lloc web ni dels continguts; de la p\u00e8rdua de dades o serveis com a conseq\u00fc\u00e8ncia de qualsevol interrupci\u00f3 del servei; de l\u2019exactitud, qualitat o naturalesa de la informaci\u00f3 obtinguda a trav\u00e9s dels seus continguts.<\/p>\n\n\n\n<p><\/p>\n","protected":false},"excerpt":{"rendered":"<p>Informaci\u00f3 general L\u2019acc\u00e9s al web www.generalservei.com i a la informaci\u00f3 que cont\u00e9 comporta&#8230;<\/p>\n","protected":false},"author":1,"featured_media":0,"parent":0,"menu_order":0,"comment_status":"closed","ping_status":"closed","template":"","meta":{"footnotes":""},"class_list":["post-435","page","type-page","status-publish","hentry"],"acf":[],"_links":{"self":[{"href":"https:\/\/www.generalservei.com\/ca\/wp-json\/wp\/v2\/pages\/435","targetHints":{"allow":["GET"]}}],"collection":[{"href":"https:\/\/www.generalservei.com\/ca\/wp-json\/wp\/v2\/pages"}],"about":[{"href":"https:\/\/www.generalservei.com\/ca\/wp-json\/wp\/v2\/types\/page"}],"author":[{"embeddable":true,"href":"https:\/\/www.generalservei.com\/ca\/wp-json\/wp\/v2\/users\/1"}],"replies":[{"embeddable":true,"href":"https:\/\/www.generalservei.com\/ca\/wp-json\/wp\/v2\/comments?post=435"}],"version-history":[{"count":1,"href":"https:\/\/www.generalservei.com\/ca\/wp-json\/wp\/v2\/pages\/435\/revisions"}],"predecessor-version":[{"id":437,"href":"https:\/\/www.generalservei.com\/ca\/wp-json\/wp\/v2\/pages\/435\/revisions\/437"}],"wp:attachment":[{"href":"https:\/\/www.generalservei.com\/ca\/wp-json\/wp\/v2\/media?parent=435"}],"curies":[{"name":"wp","href":"https:\/\/api.w.org\/{rel}","templated":true}]}}